{"id":14,"date":"2024-06-05T09:11:53","date_gmt":"2024-06-05T09:11:53","guid":{"rendered":"http:\/\/www.yesilartvinpastanesi.com\/?page_id=14"},"modified":"2024-06-05T09:11:53","modified_gmt":"2024-06-05T09:11:53","slug":"sepet","status":"publish","type":"page","link":"https:\/\/www.yesilartvinpastanesi.com\/?page_id=14","title":{"rendered":"Sepet"},"content":{"rendered":"\n<div data-block-name=\"woocommerce\/cart\" class=\"wp-block-woocommerce-cart alignwide is-loading\">\n<div data-block-name=\"woocommerce\/filled-cart-block\" class=\"wp-block-woocommerce-filled-cart-block\">\n<div data-block-name=\"woocommerce\/cart-items-block\" class=\"wp-block-woocommerce-cart-items-block\">\n<div data-block-name=\"woocommerce\/cart-line-items-block\" class=\"wp-block-woocommerce-cart-line-items-block\"><\/div>\n\n\n\n<div data-block-name=\"woocommerce\/cart-cross-sells-block\" class=\"wp-block-woocommerce-cart-cross-sells-block\">\n<h2 class=\"wp-block-heading has-large-font-size\">\u0130lginizi \u00e7ekebilir\u2026<\/h2>\n\n\n\n<div data-block-name=\"woocommerce\/cart-cross-sells-products-block\" class=\"wp-block-woocommerce-cart-cross-sells-products-block\"><\/div>\n<\/div>\n<\/div>\n\n\n\n<div data-block-name=\"woocommerce\/cart-totals-block\" class=\"wp-block-woocommerce-cart-totals-block\">\n<div data-block-name=\"woocommerce\/cart-order-summary-block\" class=\"wp-block-woocommerce-cart-order-summary-block\">\n<div data-block-name=\"woocommerce\/cart-order-summary-heading-block\" class=\"wp-block-woocommerce-cart-order-summary-heading-block\"><\/div><div data-block-name=\"woocommerce\/cart-order-summary-coupon-form-block\" class=\"wp-block-woocommerce-cart-order-summary-coupon-form-block\"><\/div><div data-block-name=\"woocommerce\/cart-order-summary-totals-block\" class=\"wp-block-woocommerce-cart-order-summary-totals-block\">\n<div data-block-name=\"woocommerce\/cart-order-summary-subtotal-block\" class=\"wp-block-woocommerce-cart-order-summary-subtotal-block\"><\/div>\n<div data-block-name=\"woocommerce\/cart-order-summary-discount-block\" class=\"wp-block-woocommerce-cart-order-summary-discount-block\"><\/div>\n<div data-block-name=\"woocommerce\/cart-order-summary-fee-block\" class=\"wp-block-woocommerce-cart-order-summary-fee-block\"><\/div>\n<div data-block-name=\"woocommerce\/cart-order-summary-shipping-block\" class=\"wp-block-woocommerce-cart-order-summary-shipping-block\"><\/div>\n<div data-block-name=\"woocommerce\/cart-order-summary-taxes-block\" class=\"wp-block-woocommerce-cart-order-summary-taxes-block\"><\/div><\/div>\n<\/div>\n\n\n\n<div data-block-name=\"woocommerce\/cart-express-payment-block\" class=\"wp-block-woocommerce-cart-express-payment-block\"><\/div>\n\n\n\n<div data-block-name=\"woocommerce\/proceed-to-checkout-block\" class=\"wp-block-woocommerce-proceed-to-checkout-block\"><\/div>\n\n\n\n<div data-block-name=\"woocommerce\/cart-accepted-payment-methods-block\" class=\"wp-block-woocommerce-cart-accepted-payment-methods-block\"><\/div>\n<\/div>\n<\/div>\n\n\n\n<div data-block-name=\"woocommerce\/empty-cart-block\" class=\"wp-block-woocommerce-empty-cart-block\">\n<h2 class=\"wp-block-heading has-text-align-center with-empty-cart-icon wc-block-cart__empty-cart__title\">Sepetiniz \u015fu anda bo\u015f!<\/h2>\n\n\n\n<hr class=\"wp-block-separator has-alpha-channel-opacity is-style-dots\"\/>\n\n\n\n<h2 class=\"wp-block-heading has-text-align-center\">Ma\u011fazada yeni<\/h2>\n\n\n<div data-block-name=\"woocommerce\/product-new\" data-columns=\"4\" data-rows=\"1\" class=\"wc-block-grid wp-block-product-new wp-block-woocommerce-product-new wc-block-product-new has-4-columns\"><ul class=\"wc-block-grid__products\"><li class=\"wc-block-grid__product\">\n\t\t\t\t<a href=\"https:\/\/www.yesilartvinpastanesi.com\/?product=nisan-pastasi-kucuk-tepsi\" class=\"wc-block-grid__product-link\">\n\t\t\t\t\t\n\t\t\t\t\t<div class=\"wc-block-grid__product-image\"><img loading=\"lazy\" decoding=\"async\" width=\"300\" height=\"300\" src=\"https:\/\/www.yesilartvinpastanesi.com\/wp-content\/uploads\/2024\/06\/nisan-pastasi-300x300.jpg\" class=\"attachment-woocommerce_thumbnail size-woocommerce_thumbnail\" alt=\"Ni\u015fan Pastas\u0131 (K\u00fc\u00e7\u00fck Tepsi)\" srcset=\"https:\/\/www.yesilartvinpastanesi.com\/wp-content\/uploads\/2024\/06\/nisan-pastasi-300x300.jpg 300w, https:\/\/www.yesilartvinpastanesi.com\/wp-content\/uploads\/2024\/06\/nisan-pastasi-150x150.jpg 150w, https:\/\/www.yesilartvinpastanesi.com\/wp-content\/uploads\/2024\/06\/nisan-pastasi-600x600.jpg 600w, https:\/\/www.yesilartvinpastanesi.com\/wp-content\/uploads\/2024\/06\/nisan-pastasi-100x100.jpg 100w\" sizes=\"auto, (max-width: 300px) 100vw, 300px\" \/><\/div>\n\t\t\t\t\t<div class=\"wc-block-grid__product-title\">Ni\u015fan Pastas\u0131 (K\u00fc\u00e7\u00fck Tepsi)<\/div>\n\t\t\t\t<\/a>\n\t\t\t\t<div class=\"wc-block-grid__product-price price\"><span class=\"woocommerce-Price-amount amount\"><span class=\"woocommerce-Price-currencySymbol\">&#8378;<\/span>2.500,00<\/span><\/div>\n\t\t\t\t\n\t\t\t\t<div class=\"wp-block-button wc-block-grid__product-add-to-cart\"><a href=\"\/index.php?rest_route=%2Fwp%2Fv2%2Fpages%2F14&#038;add-to-cart=254\" aria-label=\"Sepete ekle: \u201cNi\u015fan Pastas\u0131 (K\u00fc\u00e7\u00fck Tepsi)\u201d\" data-quantity=\"1\" data-product_id=\"254\" data-product_sku=\"\" data-price=\"2500\" rel=\"nofollow\" class=\"wp-block-button__link  add_to_cart_button ajax_add_to_cart\">Sepete Ekle<\/a><\/div>\n\t\t\t<\/li><li class=\"wc-block-grid__product\">\n\t\t\t\t<a href=\"https:\/\/www.yesilartvinpastanesi.com\/?product=porsiyon\" class=\"wc-block-grid__product-link\">\n\t\t\t\t\t\n\t\t\t\t\t<div class=\"wc-block-grid__product-image\"><img loading=\"lazy\" decoding=\"async\" width=\"300\" height=\"300\" src=\"https:\/\/www.yesilartvinpastanesi.com\/wp-content\/uploads\/2024\/06\/porsion-300x300.webp\" class=\"attachment-woocommerce_thumbnail size-woocommerce_thumbnail\" alt=\"Porsiyon\" srcset=\"https:\/\/www.yesilartvinpastanesi.com\/wp-content\/uploads\/2024\/06\/porsion-300x300.webp 300w, https:\/\/www.yesilartvinpastanesi.com\/wp-content\/uploads\/2024\/06\/porsion-150x150.webp 150w, https:\/\/www.yesilartvinpastanesi.com\/wp-content\/uploads\/2024\/06\/porsion-600x600.webp 600w, https:\/\/www.yesilartvinpastanesi.com\/wp-content\/uploads\/2024\/06\/porsion-100x100.webp 100w\" sizes=\"auto, (max-width: 300px) 100vw, 300px\" \/><\/div>\n\t\t\t\t\t<div class=\"wc-block-grid__product-title\">Porsiyon<\/div>\n\t\t\t\t<\/a>\n\t\t\t\t<div class=\"wc-block-grid__product-price price\"><span class=\"woocommerce-Price-amount amount\"><span class=\"woocommerce-Price-currencySymbol\">&#8378;<\/span>100,00<\/span><\/div>\n\t\t\t\t\n\t\t\t\t<div class=\"wp-block-button wc-block-grid__product-add-to-cart\"><a href=\"\/index.php?rest_route=%2Fwp%2Fv2%2Fpages%2F14&#038;add-to-cart=100\" aria-label=\"Sepete ekle: \u201cPorsiyon\u201d\" data-quantity=\"1\" data-product_id=\"100\" data-product_sku=\"\" data-price=\"100\" rel=\"nofollow\" class=\"wp-block-button__link  add_to_cart_button ajax_add_to_cart\">Sepete Ekle<\/a><\/div>\n\t\t\t<\/li><li class=\"wc-block-grid__product\">\n\t\t\t\t<a href=\"https:\/\/www.yesilartvinpastanesi.com\/?product=nescafe\" class=\"wc-block-grid__product-link\">\n\t\t\t\t\t\n\t\t\t\t\t<div class=\"wc-block-grid__product-image\"><img loading=\"lazy\" decoding=\"async\" width=\"300\" height=\"300\" src=\"https:\/\/www.yesilartvinpastanesi.com\/wp-content\/uploads\/2024\/06\/nescafe-300x300.jpg\" class=\"attachment-woocommerce_thumbnail size-woocommerce_thumbnail\" alt=\"Nescafe\" srcset=\"https:\/\/www.yesilartvinpastanesi.com\/wp-content\/uploads\/2024\/06\/nescafe-300x300.jpg 300w, https:\/\/www.yesilartvinpastanesi.com\/wp-content\/uploads\/2024\/06\/nescafe-150x150.jpg 150w, https:\/\/www.yesilartvinpastanesi.com\/wp-content\/uploads\/2024\/06\/nescafe-600x600.jpg 600w, https:\/\/www.yesilartvinpastanesi.com\/wp-content\/uploads\/2024\/06\/nescafe-100x100.jpg 100w\" sizes=\"auto, (max-width: 300px) 100vw, 300px\" \/><\/div>\n\t\t\t\t\t<div class=\"wc-block-grid__product-title\">Nescafe<\/div>\n\t\t\t\t<\/a>\n\t\t\t\t<div class=\"wc-block-grid__product-price price\"><span class=\"woocommerce-Price-amount amount\"><span class=\"woocommerce-Price-currencySymbol\">&#8378;<\/span>30,00<\/span><\/div>\n\t\t\t\t\n\t\t\t\t<div class=\"wp-block-button wc-block-grid__product-add-to-cart\"><a href=\"\/index.php?rest_route=%2Fwp%2Fv2%2Fpages%2F14&#038;add-to-cart=99\" aria-label=\"Sepete ekle: \u201cNescafe\u201d\" data-quantity=\"1\" data-product_id=\"99\" data-product_sku=\"\" data-price=\"30\" rel=\"nofollow\" class=\"wp-block-button__link  add_to_cart_button ajax_add_to_cart\">Sepete Ekle<\/a><\/div>\n\t\t\t<\/li><li class=\"wc-block-grid__product\">\n\t\t\t\t<a href=\"https:\/\/www.yesilartvinpastanesi.com\/?product=cay-buyuk\" class=\"wc-block-grid__product-link\">\n\t\t\t\t\t\n\t\t\t\t\t<div class=\"wc-block-grid__product-image\"><img loading=\"lazy\" decoding=\"async\" width=\"300\" height=\"300\" src=\"https:\/\/www.yesilartvinpastanesi.com\/wp-content\/uploads\/2024\/06\/buyuk-cay-300x300.webp\" class=\"attachment-woocommerce_thumbnail size-woocommerce_thumbnail\" alt=\"\u00c7ay (B\u00fcy\u00fck)\" srcset=\"https:\/\/www.yesilartvinpastanesi.com\/wp-content\/uploads\/2024\/06\/buyuk-cay-300x300.webp 300w, https:\/\/www.yesilartvinpastanesi.com\/wp-content\/uploads\/2024\/06\/buyuk-cay-150x150.webp 150w, https:\/\/www.yesilartvinpastanesi.com\/wp-content\/uploads\/2024\/06\/buyuk-cay-100x100.webp 100w\" sizes=\"auto, (max-width: 300px) 100vw, 300px\" \/><\/div>\n\t\t\t\t\t<div class=\"wc-block-grid__product-title\">\u00c7ay (B\u00fcy\u00fck)<\/div>\n\t\t\t\t<\/a>\n\t\t\t\t<div class=\"wc-block-grid__product-price price\"><span class=\"woocommerce-Price-amount amount\"><span class=\"woocommerce-Price-currencySymbol\">&#8378;<\/span>20,00<\/span><\/div>\n\t\t\t\t\n\t\t\t\t<div class=\"wp-block-button wc-block-grid__product-add-to-cart\"><a href=\"\/index.php?rest_route=%2Fwp%2Fv2%2Fpages%2F14&#038;add-to-cart=98\" aria-label=\"Sepete ekle: \u201c\u00c7ay (B\u00fcy\u00fck)\u201d\" data-quantity=\"1\" data-product_id=\"98\" data-product_sku=\"\" data-price=\"20\" rel=\"nofollow\" class=\"wp-block-button__link  add_to_cart_button ajax_add_to_cart\">Sepete Ekle<\/a><\/div>\n\t\t\t<\/li><\/ul><\/div><\/div>\n<\/div>\n","protected":false},"excerpt":{"rendered":"","protected":false},"author":1,"featured_media":0,"parent":0,"menu_order":0,"comment_status":"closed","ping_status":"closed","template":"","meta":{"_regular_price":[],"currency_symbol":[],"footnotes":""},"class_list":["post-14","page","type-page","status-publish","hentry"],"post_slider_layout_featured_media_urls":{"thumbnail":"","post_slider_layout_landscape_large":"","post_slider_layout_portrait_large":"","post_slider_layout_square_large":"","post_slider_layout_landscape":"","post_slider_layout_portrait":"","post_slider_layout_square":"","full":""},"_links":{"self":[{"href":"https:\/\/www.yesilartvinpastanesi.com\/index.php?rest_route=\/wp\/v2\/pages\/14","targetHints":{"allow":["GET"]}}],"collection":[{"href":"https:\/\/www.yesilartvinpastanesi.com\/index.php?rest_route=\/wp\/v2\/pages"}],"about":[{"href":"https:\/\/www.yesilartvinpastanesi.com\/index.php?rest_route=\/wp\/v2\/types\/page"}],"author":[{"embeddable":true,"href":"https:\/\/www.yesilartvinpastanesi.com\/index.php?rest_route=\/wp\/v2\/users\/1"}],"replies":[{"embeddable":true,"href":"https:\/\/www.yesilartvinpastanesi.com\/index.php?rest_route=%2Fwp%2Fv2%2Fcomments&post=14"}],"version-history":[{"count":0,"href":"https:\/\/www.yesilartvinpastanesi.com\/index.php?rest_route=\/wp\/v2\/pages\/14\/revisions"}],"wp:attachment":[{"href":"https:\/\/www.yesilartvinpastanesi.com\/index.php?rest_route=%2Fwp%2Fv2%2Fmedia&parent=14"}],"curies":[{"name":"wp","href":"https:\/\/api.w.org\/{rel}","templated":true}]}}