{"id":153,"date":"2024-06-09T16:22:24","date_gmt":"2024-06-09T16:22:24","guid":{"rendered":"http:\/\/www.yesilartvinpastanesi.com\/?page_id=153"},"modified":"2026-01-10T12:12:12","modified_gmt":"2026-01-10T12:12:12","slug":"fiyat-listesi","status":"publish","type":"page","link":"https:\/\/www.yesilartvinpastanesi.com\/?page_id=153","title":{"rendered":"Fiyat Listesi"},"content":{"rendered":"\n<div class=\"wp-block-ive-accordion alignnone\"><div class=\"ive-accordion-wrap ive-accordion-wrap ive-accordion-_007b64-82 ive-accordion-has-10-panes ive-active-pane-0 ive-accordion-block ive-pane-header-alignment-left ive-accodion-icon-style-basic ive-accodion-icon-side-right\"><div class=\"ive-accordion-inner-wrap ive-start-active-pane-1 ive-accordion-_007b64-82 ive-accodion-icon-style-basic ive-accodion-icon-side-right\" data-allow-multiple-open=\"false\" data-start-open=\"none\">\n<div class=\"wp-block-ive-pane ive-accordion-pane ive-accordion-pane-5 ive-pane_86d04a-4e\"><div class=\"ive-accordion-header-wrap\"><button class=\"ive-blocks-accordion-header ive-acccordion-button-label-show d-flex justify-content-start justify-content-md-start ive-accordions-xl-start\"><span class=\"ive-blocks-accordion-title-wrap\"><span class=\"ive-blocks-accordion-title\">Po\u011fa\u00e7a \u00c7e\u015fitleri<\/span><\/span><span class=\"ive-blocks-accordion-icon-trigger\"><\/span><\/button><\/div><div class=\"ive-accordion-panel\"><div class=\"ive-accordion-panel-inner\">\n<figure class=\"wp-block-table is-style-stripes\"><table class=\"has-fixed-layout\"><tbody><tr><td>Su B\u00f6re\u011fi (Porsiyon)<\/td><td>100 \u20ba<\/td><\/tr><tr><td>Kol B\u00f6re\u011fi (Porsiyon)<\/td><td>100 \u20ba<\/td><\/tr><tr><td>Tala\u015f B\u00f6re\u011fi<\/td><td>20 \u20ba<\/td><\/tr><tr><td>Po\u011fa\u00e7a \u00c7e\u015fitleri<\/td><td>20 \u20ba<\/td><\/tr><tr><td>Ay \u00c7\u00f6re\u011fi<\/td><td>20 \u20ba<\/td><\/tr><tr><td>Mini Pizza<\/td><td>20 \u20ba<\/td><\/tr><tr><td>Simit<\/td><td>20 \u20ba<\/td><\/tr><tr><td>Kete<\/td><td>40 \u20ba<\/td><\/tr><tr><td>K\u0131r Pidesi<\/td><td>40 \u20ba<\/td><\/tr><\/tbody><\/table><\/figure>\n<\/div><\/div><\/div>\n\n\n\n<div class=\"wp-block-ive-pane ive-accordion-pane ive-accordion-pane-1 ive-pane_859093-04\"><div class=\"ive-accordion-header-wrap\"><button class=\"ive-blocks-accordion-header ive-acccordion-button-label-show d-flex justify-content-start justify-content-md-start ive-accordions-xl-start\"><span class=\"ive-blocks-accordion-title-wrap\"><span class=\"ive-blocks-accordion-title\">Tatl\u0131 \u00c7e\u015fitleri (Porsiyon)<\/span><\/span><span class=\"ive-blocks-accordion-icon-trigger\"><\/span><\/button><\/div><div class=\"ive-accordion-panel\"><div class=\"ive-accordion-panel-inner\">\n<figure class=\"wp-block-table is-style-stripes\"><table class=\"has-fixed-layout\"><tbody><tr><td>Cevizli Baklava ve \u00c7e\u015fitleri<\/td><td>100 \u20ba<\/td><\/tr><tr><td>Cevizli Burma Kaday\u0131f<\/td><td>100 \u20ba<\/td><\/tr><tr><td>\u015eekerpare<\/td><td>100 \u20ba<\/td><\/tr><tr><td>Tulumba<\/td><td>100 \u20ba<\/td><\/tr><tr><td>Kemalpa\u015fa<\/td><td>100 \u20ba<\/td><\/tr><\/tbody><\/table><\/figure>\n<\/div><\/div><\/div>\n\n\n\n<div class=\"wp-block-ive-pane ive-accordion-pane ive-accordion-pane-2 ive-pane_72b5e0-ed\"><div class=\"ive-accordion-header-wrap\"><button class=\"ive-blocks-accordion-header ive-acccordion-button-label-show d-flex justify-content-start justify-content-md-start ive-accordions-xl-start\"><span class=\"ive-blocks-accordion-title-wrap\"><span class=\"ive-blocks-accordion-title\">S\u00fctl\u00fc Tatl\u0131 \u00c7e\u015fitleri (Porsiyon)<\/span><\/span><span class=\"ive-blocks-accordion-icon-trigger\"><\/span><\/button><\/div><div class=\"ive-accordion-panel\"><div class=\"ive-accordion-panel-inner\">\n<figure class=\"wp-block-table is-style-stripes\"><table class=\"has-fixed-layout\"><tbody><tr><td>So\u011fuk Baklava<\/td><td>100 \u20ba<\/td><\/tr><tr><td>Trile\u00e7e<\/td><td>100 \u20ba<\/td><\/tr><tr><td>S\u00fc\u00e7la\u00e7<\/td><td>100 \u20ba<\/td><\/tr><tr><td>Supangle<\/td><td>100 \u20ba<\/td><\/tr><tr><td>Profiterol<\/td><td>100 \u20ba<\/td><\/tr><tr><td>Saray Muhallebisi<\/td><td>100 \u20ba<\/td><\/tr><tr><td>Magnolia<\/td><td>100 \u20ba<\/td><\/tr><tr><td>Kup<\/td><td>100 \u20ba<\/td><\/tr><tr><td>Islak Kek<\/td><td>100 \u20ba<\/td><\/tr><\/tbody><\/table><\/figure>\n<\/div><\/div><\/div>\n\n\n\n<div class=\"wp-block-ive-pane ive-accordion-pane ive-accordion-pane-3 ive-pane_2ee5f2-4a\"><div class=\"ive-accordion-header-wrap\"><button class=\"ive-blocks-accordion-header ive-acccordion-button-label-show d-flex justify-content-start justify-content-md-start ive-accordions-xl-start\"><span class=\"ive-blocks-accordion-title-wrap\"><span class=\"ive-blocks-accordion-title\">Pasta \u00c7e\u015fitleri (Porsiyon)<\/span><\/span><span class=\"ive-blocks-accordion-icon-trigger\"><\/span><\/button><\/div><div class=\"ive-accordion-panel\"><div class=\"ive-accordion-panel-inner\">\n<div class=\"wp-block-group\"><div class=\"wp-block-group__inner-container is-layout-constrained wp-block-group-is-layout-constrained\">\n<div class=\"wp-block-group\"><div class=\"wp-block-group__inner-container is-layout-constrained wp-block-group-is-layout-constrained\">\n<figure class=\"wp-block-table is-style-stripes\"><table class=\"has-fixed-layout\"><tbody><tr><td>Ya\u015f Pasta<\/td><td>100 \u20ba<\/td><\/tr><tr><td>Kuru Pasta<\/td><td>100 \u20ba<\/td><\/tr><tr><td>Ekler<\/td><td>30 \u20ba<\/td><\/tr><tr><td>Adet Pasta<\/td><td>80 \u20ba<\/td><\/tr><tr><td>Polka (Adet)<\/td><td>40 \u20ba<\/td><\/tr><\/tbody><\/table><\/figure>\n<\/div><\/div>\n<\/div><\/div>\n<\/div><\/div><\/div>\n\n\n\n<div class=\"wp-block-ive-pane ive-accordion-pane ive-accordion-pane-6 ive-pane_9ae7ae-46\"><div class=\"ive-accordion-header-wrap\"><button class=\"ive-blocks-accordion-header ive-acccordion-button-label-show d-flex justify-content-start justify-content-md-start ive-accordions-xl-start\"><span class=\"ive-blocks-accordion-title-wrap\"><span class=\"ive-blocks-accordion-title\">So\u011fuk \u0130\u00e7ecekler<\/span><\/span><span class=\"ive-blocks-accordion-icon-trigger\"><\/span><\/button><\/div><div class=\"ive-accordion-panel\"><div class=\"ive-accordion-panel-inner\">\n<figure class=\"wp-block-table is-style-stripes\"><table class=\"has-fixed-layout\"><tbody><tr><td>2,5  LT Kola<\/td><td>100 \u20ba<\/td><\/tr><tr><td>2,5 LT Fanta<\/td><td>100 \u20ba<\/td><\/tr><tr><td>1  LT Kola<\/td><td>60 \u20ba<\/td><\/tr><tr><td>1 LT Fanta<\/td><td>60 \u20ba<\/td><\/tr><tr><td>1 LT Meyve Suyu<\/td><td>80 \u20ba<\/td><\/tr><tr><td>1 LT Meyve Suyu (Cam \u015ei\u015fe)<\/td><td>115 \u20ba<\/td><\/tr><tr><td>Kola (Teneke)<\/td><td>50 \u20ba<\/td><\/tr><tr><td>Fanta (Teneke)<\/td><td>50 \u20ba<\/td><\/tr><tr><td>Meyveli Gazoz<\/td><td>30 \u20ba<\/td><\/tr><tr><td>Meyve Suyu (200 ml)<\/td><td>10 \u20ba<\/td><\/tr><tr><td>Meyve Suyu (1 lt)<\/td><td>80 \u20ba<\/td><\/tr><tr><td>Soda<\/td><td>20 \u20ba<\/td><\/tr><tr><td>Ayran<\/td><td>20 \u20ba<\/td><\/tr><tr><td>Su<\/td><td>10 \u20ba<\/td><\/tr><\/tbody><\/table><\/figure>\n<\/div><\/div><\/div>\n\n\n\n<div class=\"wp-block-ive-pane ive-accordion-pane ive-accordion-pane-7 ive-pane_4585ac-dd\"><div class=\"ive-accordion-header-wrap\"><button class=\"ive-blocks-accordion-header ive-acccordion-button-label-show d-flex justify-content-start justify-content-md-start ive-accordions-xl-start\"><span class=\"ive-blocks-accordion-title-wrap\"><span class=\"ive-blocks-accordion-title\">S\u0131cak \u0130\u00e7ecekler<\/span><\/span><span class=\"ive-blocks-accordion-icon-trigger\"><\/span><\/button><\/div><div class=\"ive-accordion-panel\"><div class=\"ive-accordion-panel-inner\">\n<figure class=\"wp-block-table is-style-stripes\"><table class=\"has-fixed-layout\"><tbody><tr><td>\u00c7ay (Bardak)<\/td><td>10 \u20ba<\/td><\/tr><tr><td>\u00c7ay (Fincan)<\/td><td>20 \u20ba<\/td><\/tr><tr><td>Oralet \u00c7e\u015fitleri<\/td><td>10 \u20ba<\/td><\/tr><tr><td>Nescafe<\/td><td>30 \u20ba<\/td><\/tr><tr><td>T\u00fcrk Kahvesi<\/td><td>80 \u20ba<\/td><\/tr><tr><td>Espresso<\/td><td>80 \u20ba<\/td><\/tr><tr><td>Americano<\/td><td>80 \u20ba<\/td><\/tr><tr><td>Filtre Kahve<\/td><td>80 \u20ba<\/td><\/tr><tr><td>Cafe Au Lait<\/td><td>80 \u20ba<\/td><\/tr><tr><td>Latte<\/td><td>100 \u20ba<\/td><\/tr><tr><td>Cappuccino<\/td><td>100 \u20ba<\/td><\/tr><tr><td>Macchiato<\/td><td>100 \u20ba<\/td><\/tr><\/tbody><\/table><\/figure>\n<\/div><\/div><\/div>\n\n\n\n<div class=\"wp-block-ive-pane ive-accordion-pane ive-accordion-pane-8 ive-pane_7f0b7d-ed\"><div class=\"ive-accordion-header-wrap\"><button class=\"ive-blocks-accordion-header ive-acccordion-button-label-show d-flex justify-content-start justify-content-md-start ive-accordions-xl-start\"><span class=\"ive-blocks-accordion-title-wrap\"><span class=\"ive-blocks-accordion-title\">Paket \u00dcr\u00fcnler (Kg)<\/span><\/span><span class=\"ive-blocks-accordion-icon-trigger\"><\/span><\/button><\/div><div class=\"ive-accordion-panel\"><div class=\"ive-accordion-panel-inner\">\n<figure class=\"wp-block-table is-style-stripes\"><table class=\"has-fixed-layout\"><tbody><tr><td>Cevizli Baklava ve \u00c7e\u015fitleri<\/td><td>400 \u20ba<\/td><\/tr><tr><td>So\u011fuk Baklava<\/td><td>500 \u20ba<\/td><\/tr><tr><td>Cevizli Burma Kaday\u0131f<\/td><td>500 \u20ba<\/td><\/tr><tr><td>\u015eekerpare<\/td><td>300 \u20ba<\/td><\/tr><tr><td>Tulumba<\/td><td>250 \u20ba<\/td><\/tr><tr><td>Kemalpa\u015fa<\/td><td>300 \u20ba<\/td><\/tr><tr><td>Trile\u00e7e<\/td><td>450 \u20ba<\/td><\/tr><tr><td>Ekler<\/td><td>500 \u20ba<\/td><\/tr><tr><td>Su B\u00f6re\u011fi<\/td><td>400 \u20ba<\/td><\/tr><tr><td>Kol B\u00f6re\u011fi<\/td><td>400 \u20ba<\/td><\/tr><tr><td>Ya\u015f Pasta<\/td><td>500 \u20ba<\/td><\/tr><tr><td>Kuru Pasta<\/td><td>400 \u20ba<\/td><\/tr><tr><td>Islak Kek<\/td><td>450 \u20ba<\/td><\/tr><\/tbody><\/table><\/figure>\n<\/div><\/div><\/div>\n\n\n\n<div class=\"wp-block-ive-pane ive-accordion-pane ive-accordion-pane-4 ive-pane_606bc1-d4\"><div class=\"ive-accordion-header-wrap\"><button class=\"ive-blocks-accordion-header ive-acccordion-button-label-show d-flex justify-content-start justify-content-md-start ive-accordions-xl-start\"><span class=\"ive-blocks-accordion-title-wrap\"><span class=\"ive-blocks-accordion-title\">D\u00fc\u011f\u00fcn ve Ni\u015fan Pastalar\u0131<\/span><\/span><span class=\"ive-blocks-accordion-icon-trigger\"><\/span><\/button><\/div><div class=\"ive-accordion-panel\"><div class=\"ive-accordion-panel-inner\">\n<figure class=\"wp-block-table is-style-stripes\"><table class=\"has-fixed-layout\"><tbody><tr><td>7 Katl\u0131 D\u00fc\u011f\u00fcn Pastas\u0131<\/td><td>7500 \u20ba<\/td><\/tr><tr><td>6 Katl\u0131 D\u00fc\u011f\u00fcn Pastas\u0131<\/td><td>7000 \u20ba<\/td><\/tr><tr><td>5 Katl\u0131 D\u00fc\u011f\u00fcn Pastas\u0131<\/td><td>6500 \u20ba<\/td><\/tr><tr><td>Ni\u015fan Pastas\u0131 (B\u00fcy\u00fck Tepsi)<\/td><td>3000 \u20ba<\/td><\/tr><\/tbody><\/table><\/figure>\n\n\n\n<figure class=\"wp-block-table is-style-stripes\"><table class=\"has-fixed-layout\"><tbody><tr><td>Ni\u015fan Pastas\u0131 (K\u00fc\u00e7\u00fck Tepsi)<\/td><td>2500 \u20ba<\/td><\/tr><\/tbody><\/table><\/figure>\n<\/div><\/div><\/div>\n\n\n\n<div class=\"wp-block-ive-pane ive-accordion-pane ive-accordion-pane-10 ive-pane_56caab-c9\"><div class=\"ive-accordion-header-wrap\"><button class=\"ive-blocks-accordion-header ive-acccordion-button-label-show d-flex justify-content-start justify-content-md-start ive-accordions-xl-start\"><span class=\"ive-blocks-accordion-title-wrap\"><span class=\"ive-blocks-accordion-title\">Ya\u015f Pastalar<\/span><\/span><span class=\"ive-blocks-accordion-icon-trigger\"><\/span><\/button><\/div><div class=\"ive-accordion-panel\"><div class=\"ive-accordion-panel-inner\">\n<div class=\"wp-block-group\"><div class=\"wp-block-group__inner-container is-layout-constrained wp-block-group-is-layout-constrained\">\n<figure class=\"wp-block-table is-style-stripes\"><table class=\"has-fixed-layout\"><tbody><tr><td>2 No (B\u00fcy\u00fck) Pasta<\/td><td>700 \u20ba<\/td><\/tr><tr><td>1 No (Orta) Pasta<\/td><td>500 \u20ba<\/td><\/tr><tr><td>0 No (K\u00fc\u00e7\u00fck) Pasta<\/td><td>400 \u20ba<\/td><\/tr><tr><td>Mini Boy Pasta<\/td><td>300 \u20ba<\/td><\/tr><\/tbody><\/table><\/figure>\n<\/div><\/div>\n<\/div><\/div><\/div>\n<\/div><\/div><\/div>\n","protected":false},"excerpt":{"rendered":"","protected":false},"author":1,"featured_media":0,"parent":0,"menu_order":0,"comment_status":"closed","ping_status":"closed","template":"","meta":{"_regular_price":[],"currency_symbol":[],"footnotes":""},"class_list":["post-153","page","type-page","status-publish","hentry"],"post_slider_layout_featured_media_urls":{"thumbnail":"","post_slider_layout_landscape_large":"","post_slider_layout_portrait_large":"","post_slider_layout_square_large":"","post_slider_layout_landscape":"","post_slider_layout_portrait":"","post_slider_layout_square":"","full":""},"_links":{"self":[{"href":"https:\/\/www.yesilartvinpastanesi.com\/index.php?rest_route=\/wp\/v2\/pages\/153","targetHints":{"allow":["GET"]}}],"collection":[{"href":"https:\/\/www.yesilartvinpastanesi.com\/index.php?rest_route=\/wp\/v2\/pages"}],"about":[{"href":"https:\/\/www.yesilartvinpastanesi.com\/index.php?rest_route=\/wp\/v2\/types\/page"}],"author":[{"embeddable":true,"href":"https:\/\/www.yesilartvinpastanesi.com\/index.php?rest_route=\/wp\/v2\/users\/1"}],"replies":[{"embeddable":true,"href":"https:\/\/www.yesilartvinpastanesi.com\/index.php?rest_route=%2Fwp%2Fv2%2Fcomments&post=153"}],"version-history":[{"count":14,"href":"https:\/\/www.yesilartvinpastanesi.com\/index.php?rest_route=\/wp\/v2\/pages\/153\/revisions"}],"predecessor-version":[{"id":253,"href":"https:\/\/www.yesilartvinpastanesi.com\/index.php?rest_route=\/wp\/v2\/pages\/153\/revisions\/253"}],"wp:attachment":[{"href":"https:\/\/www.yesilartvinpastanesi.com\/index.php?rest_route=%2Fwp%2Fv2%2Fmedia&parent=153"}],"curies":[{"name":"wp","href":"https:\/\/api.w.org\/{rel}","templated":true}]}}