{"id":254,"date":"2026-01-10T12:28:51","date_gmt":"2026-01-10T12:28:51","guid":{"rendered":"https:\/\/www.yesilartvinpastanesi.com\/?post_type=product&#038;p=254"},"modified":"2026-01-10T12:29:28","modified_gmt":"2026-01-10T12:29:28","slug":"nisan-pastasi-kucuk-tepsi","status":"publish","type":"product","link":"https:\/\/www.yesilartvinpastanesi.com\/?product=nisan-pastasi-kucuk-tepsi","title":{"rendered":"Ni\u015fan Pastas\u0131 (K\u00fc\u00e7\u00fck Tepsi)"},"content":{"rendered":"","protected":false},"excerpt":{"rendered":"","protected":false},"featured_media":125,"comment_status":"open","ping_status":"closed","template":"","meta":{"_regular_price":["2500"],"currency_symbol":[]},"product_brand":[],"product_cat":[23],"product_tag":[],"class_list":{"0":"post-254","1":"product","2":"type-product","3":"status-publish","4":"has-post-thumbnail","6":"product_cat-dugun","8":"first","9":"instock","10":"shipping-taxable","11":"purchasable","12":"product-type-simple"},"post_slider_layout_featured_media_urls":{"thumbnail":["https:\/\/www.yesilartvinpastanesi.com\/wp-content\/uploads\/2024\/06\/nisan-pastasi-150x150.jpg",150,150,true],"post_slider_layout_landscape_large":["https:\/\/www.yesilartvinpastanesi.com\/wp-content\/uploads\/2024\/06\/nisan-pastasi-1200x800.jpg",1200,800,true],"post_slider_layout_portrait_large":["https:\/\/www.yesilartvinpastanesi.com\/wp-content\/uploads\/2024\/06\/nisan-pastasi-1200x881.jpg",1200,881,true],"post_slider_layout_square_large":["https:\/\/www.yesilartvinpastanesi.com\/wp-content\/uploads\/2024\/06\/nisan-pastasi-1200x881.jpg",1200,881,true],"post_slider_layout_landscape":["https:\/\/www.yesilartvinpastanesi.com\/wp-content\/uploads\/2024\/06\/nisan-pastasi-600x400.jpg",600,400,true],"post_slider_layout_portrait":["https:\/\/www.yesilartvinpastanesi.com\/wp-content\/uploads\/2024\/06\/nisan-pastasi-600x881.jpg",600,881,true],"post_slider_layout_square":["https:\/\/www.yesilartvinpastanesi.com\/wp-content\/uploads\/2024\/06\/nisan-pastasi-600x600.jpg",600,600,true],"full":["https:\/\/www.yesilartvinpastanesi.com\/wp-content\/uploads\/2024\/06\/nisan-pastasi.jpg",1440,881,false]},"_links":{"self":[{"href":"https:\/\/www.yesilartvinpastanesi.com\/index.php?rest_route=\/wp\/v2\/product\/254","targetHints":{"allow":["GET"]}}],"collection":[{"href":"https:\/\/www.yesilartvinpastanesi.com\/index.php?rest_route=\/wp\/v2\/product"}],"about":[{"href":"https:\/\/www.yesilartvinpastanesi.com\/index.php?rest_route=\/wp\/v2\/types\/product"}],"replies":[{"embeddable":true,"href":"https:\/\/www.yesilartvinpastanesi.com\/index.php?rest_route=%2Fwp%2Fv2%2Fcomments&post=254"}],"wp:featuredmedia":[{"embeddable":true,"href":"https:\/\/www.yesilartvinpastanesi.com\/index.php?rest_route=\/wp\/v2\/media\/125"}],"wp:attachment":[{"href":"https:\/\/www.yesilartvinpastanesi.com\/index.php?rest_route=%2Fwp%2Fv2%2Fmedia&parent=254"}],"wp:term":[{"taxonomy":"product_brand","embeddable":true,"href":"https:\/\/www.yesilartvinpastanesi.com\/index.php?rest_route=%2Fwp%2Fv2%2Fproduct_brand&post=254"},{"taxonomy":"product_cat","embeddable":true,"href":"https:\/\/www.yesilartvinpastanesi.com\/index.php?rest_route=%2Fwp%2Fv2%2Fproduct_cat&post=254"},{"taxonomy":"product_tag","embeddable":true,"href":"https:\/\/www.yesilartvinpastanesi.com\/index.php?rest_route=%2Fwp%2Fv2%2Fproduct_tag&post=254"}],"curies":[{"name":"wp","href":"https:\/\/api.w.org\/{rel}","templated":true}]}}