{"id":39,"date":"2024-06-05T10:28:35","date_gmt":"2024-06-05T10:28:35","guid":{"rendered":"http:\/\/www.yesilartvinpastanesi.com\/?post_type=product&#038;p=39"},"modified":"2026-01-10T12:21:38","modified_gmt":"2026-01-10T12:21:38","slug":"pogacalar","status":"publish","type":"product","link":"https:\/\/www.yesilartvinpastanesi.com\/?product=pogacalar","title":{"rendered":"Po\u011fa\u00e7alar"},"content":{"rendered":"<p><img loading=\"lazy\" decoding=\"async\" class=\"alignnone size-medium wp-image-40\" src=\"http:\/\/www.yesilartvinpastanesi.com\/wp-content\/uploads\/2024\/06\/pogaca-tarifi-1024x679-1-300x199.webp\" alt=\"\" width=\"300\" height=\"199\" srcset=\"https:\/\/www.yesilartvinpastanesi.com\/wp-content\/uploads\/2024\/06\/pogaca-tarifi-1024x679-1-300x199.webp 300w, https:\/\/www.yesilartvinpastanesi.com\/wp-content\/uploads\/2024\/06\/pogaca-tarifi-1024x679-1-768x509.webp 768w, https:\/\/www.yesilartvinpastanesi.com\/wp-content\/uploads\/2024\/06\/pogaca-tarifi-1024x679-1-600x398.webp 600w, https:\/\/www.yesilartvinpastanesi.com\/wp-content\/uploads\/2024\/06\/pogaca-tarifi-1024x679-1.webp 1024w\" sizes=\"auto, (max-width: 300px) 100vw, 300px\" \/><\/p>\n","protected":false},"excerpt":{"rendered":"<p>Po\u011fa\u00e7a ve a\u00e7ma \u00e7e\u015fitlerimiz<\/p>\n","protected":false},"featured_media":40,"comment_status":"open","ping_status":"closed","template":"","meta":{"_regular_price":["20"],"currency_symbol":[]},"product_brand":[],"product_cat":[19],"product_tag":[],"class_list":{"0":"post-39","1":"product","2":"type-product","3":"status-publish","4":"has-post-thumbnail","6":"product_cat-pagaca","8":"first","9":"instock","10":"shipping-taxable","11":"purchasable","12":"product-type-simple"},"post_slider_layout_featured_media_urls":{"thumbnail":["https:\/\/www.yesilartvinpastanesi.com\/wp-content\/uploads\/2024\/06\/pogaca-tarifi-1024x679-1-150x150.webp",150,150,true],"post_slider_layout_landscape_large":["https:\/\/www.yesilartvinpastanesi.com\/wp-content\/uploads\/2024\/06\/pogaca-tarifi-1024x679-1.webp",1024,679,false],"post_slider_layout_portrait_large":["https:\/\/www.yesilartvinpastanesi.com\/wp-content\/uploads\/2024\/06\/pogaca-tarifi-1024x679-1.webp",1024,679,false],"post_slider_layout_square_large":["https:\/\/www.yesilartvinpastanesi.com\/wp-content\/uploads\/2024\/06\/pogaca-tarifi-1024x679-1.webp",1024,679,false],"post_slider_layout_landscape":["https:\/\/www.yesilartvinpastanesi.com\/wp-content\/uploads\/2024\/06\/pogaca-tarifi-1024x679-1-600x400.webp",600,400,true],"post_slider_layout_portrait":["https:\/\/www.yesilartvinpastanesi.com\/wp-content\/uploads\/2024\/06\/pogaca-tarifi-1024x679-1-600x679.webp",600,679,true],"post_slider_layout_square":["https:\/\/www.yesilartvinpastanesi.com\/wp-content\/uploads\/2024\/06\/pogaca-tarifi-1024x679-1-600x600.webp",600,600,true],"full":["https:\/\/www.yesilartvinpastanesi.com\/wp-content\/uploads\/2024\/06\/pogaca-tarifi-1024x679-1.webp",1024,679,false]},"_links":{"self":[{"href":"https:\/\/www.yesilartvinpastanesi.com\/index.php?rest_route=\/wp\/v2\/product\/39","targetHints":{"allow":["GET"]}}],"collection":[{"href":"https:\/\/www.yesilartvinpastanesi.com\/index.php?rest_route=\/wp\/v2\/product"}],"about":[{"href":"https:\/\/www.yesilartvinpastanesi.com\/index.php?rest_route=\/wp\/v2\/types\/product"}],"replies":[{"embeddable":true,"href":"https:\/\/www.yesilartvinpastanesi.com\/index.php?rest_route=%2Fwp%2Fv2%2Fcomments&post=39"}],"wp:featuredmedia":[{"embeddable":true,"href":"https:\/\/www.yesilartvinpastanesi.com\/index.php?rest_route=\/wp\/v2\/media\/40"}],"wp:attachment":[{"href":"https:\/\/www.yesilartvinpastanesi.com\/index.php?rest_route=%2Fwp%2Fv2%2Fmedia&parent=39"}],"wp:term":[{"taxonomy":"product_brand","embeddable":true,"href":"https:\/\/www.yesilartvinpastanesi.com\/index.php?rest_route=%2Fwp%2Fv2%2Fproduct_brand&post=39"},{"taxonomy":"product_cat","embeddable":true,"href":"https:\/\/www.yesilartvinpastanesi.com\/index.php?rest_route=%2Fwp%2Fv2%2Fproduct_cat&post=39"},{"taxonomy":"product_tag","embeddable":true,"href":"https:\/\/www.yesilartvinpastanesi.com\/index.php?rest_route=%2Fwp%2Fv2%2Fproduct_tag&post=39"}],"curies":[{"name":"wp","href":"https:\/\/api.w.org\/{rel}","templated":true}]}}