{"id":78,"date":"2024-06-09T12:13:11","date_gmt":"2024-06-09T12:13:11","guid":{"rendered":"http:\/\/www.yesilartvinpastanesi.com\/?post_type=product&#038;p=78"},"modified":"2026-01-10T12:27:46","modified_gmt":"2026-01-10T12:27:46","slug":"6-katli-dugun-pastasi","status":"publish","type":"product","link":"https:\/\/www.yesilartvinpastanesi.com\/?product=6-katli-dugun-pastasi","title":{"rendered":"6 Katl\u0131 D\u00fc\u011f\u00fcn Pastas\u0131"},"content":{"rendered":"","protected":false},"excerpt":{"rendered":"","protected":false},"featured_media":180,"comment_status":"open","ping_status":"closed","template":"","meta":{"_regular_price":["7000"],"currency_symbol":[]},"product_brand":[],"product_cat":[23],"product_tag":[],"class_list":{"0":"post-78","1":"product","2":"type-product","3":"status-publish","4":"has-post-thumbnail","6":"product_cat-dugun","8":"first","9":"instock","10":"shipping-taxable","11":"purchasable","12":"product-type-simple"},"post_slider_layout_featured_media_urls":{"thumbnail":["https:\/\/www.yesilartvinpastanesi.com\/wp-content\/uploads\/2024\/06\/6-katli-150x150.jpg",150,150,true],"post_slider_layout_landscape_large":["https:\/\/www.yesilartvinpastanesi.com\/wp-content\/uploads\/2024\/06\/6-katli-589x800.jpg",589,800,true],"post_slider_layout_portrait_large":["https:\/\/www.yesilartvinpastanesi.com\/wp-content\/uploads\/2024\/06\/6-katli.jpg",589,962,false],"post_slider_layout_square_large":["https:\/\/www.yesilartvinpastanesi.com\/wp-content\/uploads\/2024\/06\/6-katli.jpg",589,962,false],"post_slider_layout_landscape":["https:\/\/www.yesilartvinpastanesi.com\/wp-content\/uploads\/2024\/06\/6-katli-589x400.jpg",589,400,true],"post_slider_layout_portrait":["https:\/\/www.yesilartvinpastanesi.com\/wp-content\/uploads\/2024\/06\/6-katli-589x900.jpg",589,900,true],"post_slider_layout_square":["https:\/\/www.yesilartvinpastanesi.com\/wp-content\/uploads\/2024\/06\/6-katli-589x600.jpg",589,600,true],"full":["https:\/\/www.yesilartvinpastanesi.com\/wp-content\/uploads\/2024\/06\/6-katli.jpg",589,962,false]},"_links":{"self":[{"href":"https:\/\/www.yesilartvinpastanesi.com\/index.php?rest_route=\/wp\/v2\/product\/78","targetHints":{"allow":["GET"]}}],"collection":[{"href":"https:\/\/www.yesilartvinpastanesi.com\/index.php?rest_route=\/wp\/v2\/product"}],"about":[{"href":"https:\/\/www.yesilartvinpastanesi.com\/index.php?rest_route=\/wp\/v2\/types\/product"}],"replies":[{"embeddable":true,"href":"https:\/\/www.yesilartvinpastanesi.com\/index.php?rest_route=%2Fwp%2Fv2%2Fcomments&post=78"}],"wp:featuredmedia":[{"embeddable":true,"href":"https:\/\/www.yesilartvinpastanesi.com\/index.php?rest_route=\/wp\/v2\/media\/180"}],"wp:attachment":[{"href":"https:\/\/www.yesilartvinpastanesi.com\/index.php?rest_route=%2Fwp%2Fv2%2Fmedia&parent=78"}],"wp:term":[{"taxonomy":"product_brand","embeddable":true,"href":"https:\/\/www.yesilartvinpastanesi.com\/index.php?rest_route=%2Fwp%2Fv2%2Fproduct_brand&post=78"},{"taxonomy":"product_cat","embeddable":true,"href":"https:\/\/www.yesilartvinpastanesi.com\/index.php?rest_route=%2Fwp%2Fv2%2Fproduct_cat&post=78"},{"taxonomy":"product_tag","embeddable":true,"href":"https:\/\/www.yesilartvinpastanesi.com\/index.php?rest_route=%2Fwp%2Fv2%2Fproduct_tag&post=78"}],"curies":[{"name":"wp","href":"https:\/\/api.w.org\/{rel}","templated":true}]}}