{"id":84,"date":"2024-06-09T12:24:37","date_gmt":"2024-06-09T12:24:37","guid":{"rendered":"http:\/\/www.yesilartvinpastanesi.com\/?post_type=product&#038;p=84"},"modified":"2026-01-10T12:32:15","modified_gmt":"2026-01-10T12:32:15","slug":"ay-coregi","status":"publish","type":"product","link":"https:\/\/www.yesilartvinpastanesi.com\/?product=ay-coregi","title":{"rendered":"Ay \u00c7\u00f6re\u011fi"},"content":{"rendered":"","protected":false},"excerpt":{"rendered":"","protected":false},"featured_media":105,"comment_status":"open","ping_status":"closed","template":"","meta":{"_regular_price":["20"],"currency_symbol":[]},"product_brand":[],"product_cat":[19],"product_tag":[],"class_list":{"0":"post-84","1":"product","2":"type-product","3":"status-publish","4":"has-post-thumbnail","6":"product_cat-pagaca","8":"first","9":"instock","10":"shipping-taxable","11":"purchasable","12":"product-type-simple"},"post_slider_layout_featured_media_urls":{"thumbnail":["https:\/\/www.yesilartvinpastanesi.com\/wp-content\/uploads\/2024\/06\/ay-coregi-150x150.webp",150,150,true],"post_slider_layout_landscape_large":["https:\/\/www.yesilartvinpastanesi.com\/wp-content\/uploads\/2024\/06\/ay-coregi.webp",550,606,false],"post_slider_layout_portrait_large":["https:\/\/www.yesilartvinpastanesi.com\/wp-content\/uploads\/2024\/06\/ay-coregi.webp",550,606,false],"post_slider_layout_square_large":["https:\/\/www.yesilartvinpastanesi.com\/wp-content\/uploads\/2024\/06\/ay-coregi.webp",550,606,false],"post_slider_layout_landscape":["https:\/\/www.yesilartvinpastanesi.com\/wp-content\/uploads\/2024\/06\/ay-coregi-550x400.webp",550,400,true],"post_slider_layout_portrait":["https:\/\/www.yesilartvinpastanesi.com\/wp-content\/uploads\/2024\/06\/ay-coregi.webp",550,606,false],"post_slider_layout_square":["https:\/\/www.yesilartvinpastanesi.com\/wp-content\/uploads\/2024\/06\/ay-coregi-550x600.webp",550,600,true],"full":["https:\/\/www.yesilartvinpastanesi.com\/wp-content\/uploads\/2024\/06\/ay-coregi.webp",550,606,false]},"_links":{"self":[{"href":"https:\/\/www.yesilartvinpastanesi.com\/index.php?rest_route=\/wp\/v2\/product\/84","targetHints":{"allow":["GET"]}}],"collection":[{"href":"https:\/\/www.yesilartvinpastanesi.com\/index.php?rest_route=\/wp\/v2\/product"}],"about":[{"href":"https:\/\/www.yesilartvinpastanesi.com\/index.php?rest_route=\/wp\/v2\/types\/product"}],"replies":[{"embeddable":true,"href":"https:\/\/www.yesilartvinpastanesi.com\/index.php?rest_route=%2Fwp%2Fv2%2Fcomments&post=84"}],"wp:featuredmedia":[{"embeddable":true,"href":"https:\/\/www.yesilartvinpastanesi.com\/index.php?rest_route=\/wp\/v2\/media\/105"}],"wp:attachment":[{"href":"https:\/\/www.yesilartvinpastanesi.com\/index.php?rest_route=%2Fwp%2Fv2%2Fmedia&parent=84"}],"wp:term":[{"taxonomy":"product_brand","embeddable":true,"href":"https:\/\/www.yesilartvinpastanesi.com\/index.php?rest_route=%2Fwp%2Fv2%2Fproduct_brand&post=84"},{"taxonomy":"product_cat","embeddable":true,"href":"https:\/\/www.yesilartvinpastanesi.com\/index.php?rest_route=%2Fwp%2Fv2%2Fproduct_cat&post=84"},{"taxonomy":"product_tag","embeddable":true,"href":"https:\/\/www.yesilartvinpastanesi.com\/index.php?rest_route=%2Fwp%2Fv2%2Fproduct_tag&post=84"}],"curies":[{"name":"wp","href":"https:\/\/api.w.org\/{rel}","templated":true}]}}