{"id":97,"date":"2024-06-09T12:40:06","date_gmt":"2024-06-09T12:40:06","guid":{"rendered":"http:\/\/www.yesilartvinpastanesi.com\/?post_type=product&#038;p=97"},"modified":"2025-08-12T14:31:07","modified_gmt":"2025-08-12T14:31:07","slug":"cay-kucuk","status":"publish","type":"product","link":"https:\/\/www.yesilartvinpastanesi.com\/?product=cay-kucuk","title":{"rendered":"\u00c7ay (K\u00fc\u00e7\u00fck)"},"content":{"rendered":"","protected":false},"excerpt":{"rendered":"","protected":false},"featured_media":110,"comment_status":"open","ping_status":"closed","template":"","meta":{"_regular_price":["10"],"currency_symbol":[]},"product_brand":[],"product_cat":[25],"product_tag":[],"class_list":{"0":"post-97","1":"product","2":"type-product","3":"status-publish","4":"has-post-thumbnail","6":"product_cat-sicak","8":"first","9":"instock","10":"shipping-taxable","11":"purchasable","12":"product-type-simple"},"post_slider_layout_featured_media_urls":{"thumbnail":["https:\/\/www.yesilartvinpastanesi.com\/wp-content\/uploads\/2024\/06\/cay-kucuk-150x150.webp",150,150,true],"post_slider_layout_landscape_large":["https:\/\/www.yesilartvinpastanesi.com\/wp-content\/uploads\/2024\/06\/cay-kucuk.webp",800,450,false],"post_slider_layout_portrait_large":["https:\/\/www.yesilartvinpastanesi.com\/wp-content\/uploads\/2024\/06\/cay-kucuk.webp",800,450,false],"post_slider_layout_square_large":["https:\/\/www.yesilartvinpastanesi.com\/wp-content\/uploads\/2024\/06\/cay-kucuk.webp",800,450,false],"post_slider_layout_landscape":["https:\/\/www.yesilartvinpastanesi.com\/wp-content\/uploads\/2024\/06\/cay-kucuk-600x400.webp",600,400,true],"post_slider_layout_portrait":["https:\/\/www.yesilartvinpastanesi.com\/wp-content\/uploads\/2024\/06\/cay-kucuk-600x450.webp",600,450,true],"post_slider_layout_square":["https:\/\/www.yesilartvinpastanesi.com\/wp-content\/uploads\/2024\/06\/cay-kucuk-600x450.webp",600,450,true],"full":["https:\/\/www.yesilartvinpastanesi.com\/wp-content\/uploads\/2024\/06\/cay-kucuk.webp",800,450,false]},"_links":{"self":[{"href":"https:\/\/www.yesilartvinpastanesi.com\/index.php?rest_route=\/wp\/v2\/product\/97","targetHints":{"allow":["GET"]}}],"collection":[{"href":"https:\/\/www.yesilartvinpastanesi.com\/index.php?rest_route=\/wp\/v2\/product"}],"about":[{"href":"https:\/\/www.yesilartvinpastanesi.com\/index.php?rest_route=\/wp\/v2\/types\/product"}],"replies":[{"embeddable":true,"href":"https:\/\/www.yesilartvinpastanesi.com\/index.php?rest_route=%2Fwp%2Fv2%2Fcomments&post=97"}],"wp:featuredmedia":[{"embeddable":true,"href":"https:\/\/www.yesilartvinpastanesi.com\/index.php?rest_route=\/wp\/v2\/media\/110"}],"wp:attachment":[{"href":"https:\/\/www.yesilartvinpastanesi.com\/index.php?rest_route=%2Fwp%2Fv2%2Fmedia&parent=97"}],"wp:term":[{"taxonomy":"product_brand","embeddable":true,"href":"https:\/\/www.yesilartvinpastanesi.com\/index.php?rest_route=%2Fwp%2Fv2%2Fproduct_brand&post=97"},{"taxonomy":"product_cat","embeddable":true,"href":"https:\/\/www.yesilartvinpastanesi.com\/index.php?rest_route=%2Fwp%2Fv2%2Fproduct_cat&post=97"},{"taxonomy":"product_tag","embeddable":true,"href":"https:\/\/www.yesilartvinpastanesi.com\/index.php?rest_route=%2Fwp%2Fv2%2Fproduct_tag&post=97"}],"curies":[{"name":"wp","href":"https:\/\/api.w.org\/{rel}","templated":true}]}}